{"id":31,"date":"2025-11-25T17:43:03","date_gmt":"2025-11-25T17:43:03","guid":{"rendered":"https:\/\/plaisirdecrire.com\/?page_id=31"},"modified":"2026-04-15T07:19:57","modified_gmt":"2026-04-15T07:19:57","slug":"accueil","status":"publish","type":"page","link":"https:\/\/plaisirdecrire.com\/","title":{"rendered":"Retrouver le plaisir d\u2019\u00e9crire, en douceur."},"content":{"rendered":"\n<div class=\"wp-block-columns is-layout-flex wp-container-core-columns-is-layout-28f84493 wp-block-columns-is-layout-flex\">\n<div class=\"wp-block-column is-layout-flow wp-block-column-is-layout-flow\">\n<figure class=\"wp-block-image size-large\"><img loading=\"lazy\" decoding=\"async\" width=\"1024\" height=\"765\" src=\"https:\/\/plaisirdecrire.com\/wp-content\/uploads\/2026\/04\/generated-image-1-4-5-1024x765.png\" alt=\"\" class=\"wp-image-310\" srcset=\"https:\/\/plaisirdecrire.com\/wp-content\/uploads\/2026\/04\/generated-image-1-4-5-1024x765.png 1024w, https:\/\/plaisirdecrire.com\/wp-content\/uploads\/2026\/04\/generated-image-1-4-5-300x224.png 300w, https:\/\/plaisirdecrire.com\/wp-content\/uploads\/2026\/04\/generated-image-1-4-5-768x573.png 768w, https:\/\/plaisirdecrire.com\/wp-content\/uploads\/2026\/04\/generated-image-1-4-5.png 1200w\" sizes=\"auto, (max-width: 1024px) 100vw, 1024px\" \/><\/figure>\n<\/div>\n\n\n\n<div class=\"wp-block-column is-layout-flow wp-block-column-is-layout-flow\">\n<div style=\"height:19px\" aria-hidden=\"true\" class=\"wp-block-spacer\"><\/div>\n\n\n<h2 style=\"color:#9ab2a1;\" class=\"has-text-align-center has-link-color wp-elements-76284c17600ae9915b0e26e1aea86764 wp-block-post-title has-text-color\">Retrouver le plaisir d\u2019\u00e9crire, en douceur.<\/h2>\n\n\n<p class=\"has-text-align-center\">Accompagnement en graphoth\u00e9rapie<\/p>\n\n\n\n<p class=\"has-text-align-center has-text-color has-link-color wp-elements-bfd0994ba6308f6e86b0b71e6ab30320\" style=\"color:#d99b9b\"><em>enfants ET adolescents<\/em><\/p>\n\n\n\n<div class=\"wp-block-buttons is-content-justification-center is-layout-flex wp-container-core-buttons-is-layout-a89b3969 wp-block-buttons-is-layout-flex\">\n<div class=\"wp-block-button\"><a class=\"wp-block-button__link has-white-color has-text-color has-background has-link-color has-custom-font-size wp-element-button\" href=\"https:\/\/plaisirdecrire.com\/index.php\/seances-accompagnement\/\" style=\"background-color:#9dc3a9;font-size:17px\">D\u00e9couvrir mes accompagnements<\/a><\/div>\n<\/div>\n<\/div>\n<\/div>\n\n\n\n<p class=\"has-text-color has-link-color wp-elements-26492620b8d169a953a3785da8c051d2\" style=\"color:#746c5d;line-height:1.8;text-transform:none\">Parce qu\u2019\u00e9crire peut parfois devenir source de tension ou de d\u00e9couragement, je propose un accompagnement personnalis\u00e9 pour r\u00e9concilier chacun avec le geste d\u2019\u00e9crire, dans une approche bienveillante et adapt\u00e9e \u00e0 tous.<\/p>\n\n\n\n\n\n\n\n\n\n<h2 class=\"wp-block-heading has-text-color has-link-color wp-elements-d63734b2899c33306469f0e6a570772d\" style=\"color:#c99b6e\">QUI SUIS-JE ?<\/h2>\n\n\n\n<figure class=\"wp-block-image alignright size-large is-resized\"><img loading=\"lazy\" decoding=\"async\" width=\"1024\" height=\"829\" src=\"https:\/\/plaisirdecrire.com\/wp-content\/uploads\/2026\/04\/Nisaba-Formation-carre-1024x829.png\" alt=\"\" class=\"wp-image-352\" style=\"aspect-ratio:1.235310814646608;width:126px;height:auto\" srcset=\"https:\/\/plaisirdecrire.com\/wp-content\/uploads\/2026\/04\/Nisaba-Formation-carre-1024x829.png 1024w, https:\/\/plaisirdecrire.com\/wp-content\/uploads\/2026\/04\/Nisaba-Formation-carre-300x243.png 300w, https:\/\/plaisirdecrire.com\/wp-content\/uploads\/2026\/04\/Nisaba-Formation-carre-768x622.png 768w, https:\/\/plaisirdecrire.com\/wp-content\/uploads\/2026\/04\/Nisaba-Formation-carre.png 1126w\" sizes=\"auto, (max-width: 1024px) 100vw, 1024px\" \/><\/figure>\n\n\n\n<p style=\"text-transform:none\">Je suis Asma, ancienne <strong>professeure des \u00e9coles pendant 10 ans.<\/strong><br><strong>Titulaire d\u2019un Master 2 \u00c9ducation et Formation (mention Professorat des \u00e9coles et accompagnement p\u00e9riscolaire)<\/strong>, j\u2019ai accompagn\u00e9 au fil des ann\u00e9es de nombreux enfants en difficult\u00e9 avec l\u2019\u00e9criture.<br>Derri\u00e8re les cahiers, j\u2019ai surtout observ\u00e9 leur fatigue, leur d\u00e9couragement et parfois une perte de confiance.<br>C\u2019est ce qui m\u2019a amen\u00e9e \u00e0 me former \u00e0 la graphoth\u00e9rapie, afin de proposer un accompagnement bienveillant et adapt\u00e9 aux difficult\u00e9s du geste graphique.<br>Je suis aujourd\u2019hui dipl\u00f4m\u00e9e en graphoth\u00e9rapie aupr\u00e8s de l\u2019organisme <strong>Nisaba Formation.<\/strong><\/p>\n\n\n\n<h2 class=\"wp-block-heading has-text-color has-link-color wp-elements-73c4f3ad8ef8ce7becde928a8d92a2d8\" style=\"color:#c99b6e\">Qu\u2019est-ce que la graphoth\u00e9rapie <\/h2>\n\n\n\n<p style=\"text-transform:none\">La graphoth\u00e9rapie est un accompagnement qui aide \u00e0 mieux comprendre et am\u00e9liorer le geste d\u2019\u00e9criture. <br>Elle s\u2019adresse aux enfants, adolescents et adultes qui rencontrent des difficult\u00e9s \u00e0 \u00e9crire avec aisance, lisibilit\u00e9 ou confort.<br>\u00c0 travers des exercices adapt\u00e9s, nous travaillons ensemble la posture, la tenue du crayon et la fluidit\u00e9 du geste, afin de retrouver une \u00e9criture plus naturelle et apais\u00e9e.<\/p>\n\n\n\n<h2 class=\"wp-block-heading has-text-color has-link-color wp-elements-2a9a08c2a77bd487ee34442817de0f3c\" style=\"color:#c99b6e\">QUELLES DIFFICULT\u00c9S ?<\/h2>\n\n\n\n<ul class=\"wp-block-list\">\n<li style=\"text-transform:lowercase\">\u00c9criture peu lisible<\/li>\n\n\n\n<li style=\"text-transform:lowercase\">Douleurs, fatigue ou tensions lors de l\u2019\u00e9criture<\/li>\n\n\n\n<li style=\"text-transform:lowercase\">Perte de confiance ou aversion pour l\u2019\u00e9criture<\/li>\n\n\n\n<li style=\"text-transform:lowercase\">Lenteur ou rapidit\u00e9 excessive<br><\/li>\n<\/ul>\n\n\n\n<h2 class=\"wp-block-heading has-text-color has-link-color wp-elements-f39cae7984c22830288a28dfe2d02ee2\" style=\"color:#c99b6e\">MON APPROCHE<\/h2>\n\n\n\n<p style=\"text-transform:none\">Mon accompagnement est personnalis\u00e9 et se fait dans un cadre bienveillant et rassurant.<br>Il ne s\u2019agit pas de corriger une \u00e9criture, mais d\u2019aider chacun \u00e0 trouver son propre geste, plus fluide, plus confortable et plus naturel.<br>Chaque progr\u00e8s, m\u00eame petit, est valoris\u00e9.<\/p>\n\n\n\n<p><\/p>\n","protected":false},"excerpt":{"rendered":"<p>Accompagnement en graphoth\u00e9rapie enfants ET adolescents Parce qu\u2019\u00e9crire peut parfois devenir source de tension ou de d\u00e9couragement, je propose un [&hellip;]<\/p>\n","protected":false},"author":1,"featured_media":0,"parent":0,"menu_order":0,"comment_status":"closed","ping_status":"closed","template":"","meta":{"site-sidebar-layout":"default","site-content-layout":"","ast-site-content-layout":"default","site-content-style":"default","site-sidebar-style":"default","ast-global-header-display":"","ast-banner-title-visibility":"","ast-main-header-display":"","ast-hfb-above-header-display":"","ast-hfb-below-header-display":"","ast-hfb-mobile-header-display":"","site-post-title":"","ast-breadcrumbs-content":"","ast-featured-img":"","footer-sml-layout":"","theme-transparent-header-meta":"","adv-header-id-meta":"","stick-header-meta":"","header-above-stick-meta":"","header-main-stick-meta":"","header-below-stick-meta":"","astra-migrate-meta-layouts":"default","ast-page-background-enabled":"default","ast-page-background-meta":{"desktop":{"background-color":"var(--ast-global-color-5)","background-image":"","background-repeat":"repeat","background-position":"center center","background-size":"auto","background-attachment":"scroll","background-type":"","background-media":"","overlay-type":"","overlay-color":"","overlay-opacity":"","overlay-gradient":""},"tablet":{"background-color":"","background-image":"","background-repeat":"repeat","background-position":"center center","background-size":"auto","background-attachment":"scroll","background-type":"","background-media":"","overlay-type":"","overlay-color":"","overlay-opacity":"","overlay-gradient":""},"mobile":{"background-color":"","background-image":"","background-repeat":"repeat","background-position":"center center","background-size":"auto","background-attachment":"scroll","background-type":"","background-media":"","overlay-type":"","overlay-color":"","overlay-opacity":"","overlay-gradient":""}},"ast-content-background-meta":{"desktop":{"background-color":"var(--ast-global-color-4)","background-image":"","background-repeat":"repeat","background-position":"center center","background-size":"auto","background-attachment":"scroll","background-type":"","background-media":"","overlay-type":"","overlay-color":"","overlay-opacity":"","overlay-gradient":""},"tablet":{"background-color":"var(--ast-global-color-4)","background-image":"","background-repeat":"repeat","background-position":"center center","background-size":"auto","background-attachment":"scroll","background-type":"","background-media":"","overlay-type":"","overlay-color":"","overlay-opacity":"","overlay-gradient":""},"mobile":{"background-color":"var(--ast-global-color-4)","background-image":"","background-repeat":"repeat","background-position":"center center","background-size":"auto","background-attachment":"scroll","background-type":"","background-media":"","overlay-type":"","overlay-color":"","overlay-opacity":"","overlay-gradient":""}},"footnotes":"[]"},"class_list":["post-31","page","type-page","status-publish","hentry"],"_links":{"self":[{"href":"https:\/\/plaisirdecrire.com\/index.php\/wp-json\/wp\/v2\/pages\/31","targetHints":{"allow":["GET"]}}],"collection":[{"href":"https:\/\/plaisirdecrire.com\/index.php\/wp-json\/wp\/v2\/pages"}],"about":[{"href":"https:\/\/plaisirdecrire.com\/index.php\/wp-json\/wp\/v2\/types\/page"}],"author":[{"embeddable":true,"href":"https:\/\/plaisirdecrire.com\/index.php\/wp-json\/wp\/v2\/users\/1"}],"replies":[{"embeddable":true,"href":"https:\/\/plaisirdecrire.com\/index.php\/wp-json\/wp\/v2\/comments?post=31"}],"version-history":[{"count":92,"href":"https:\/\/plaisirdecrire.com\/index.php\/wp-json\/wp\/v2\/pages\/31\/revisions"}],"predecessor-version":[{"id":361,"href":"https:\/\/plaisirdecrire.com\/index.php\/wp-json\/wp\/v2\/pages\/31\/revisions\/361"}],"wp:attachment":[{"href":"https:\/\/plaisirdecrire.com\/index.php\/wp-json\/wp\/v2\/media?parent=31"}],"curies":[{"name":"wp","href":"https:\/\/api.w.org\/{rel}","templated":true}]}}